{"id":10393,"date":"2023-06-01T17:29:35","date_gmt":"2023-06-01T15:29:35","guid":{"rendered":"https:\/\/hygh.tech\/?page_id=10393"},"modified":"2025-07-31T17:55:42","modified_gmt":"2025-07-31T15:55:42","slug":"best-practice","status":"publish","type":"page","link":"https:\/\/hygh.tech\/en\/best-practice\/","title":{"rendered":"Best Practice"},"content":{"rendered":"\t\t<div data-elementor-type=\"wp-page\" data-elementor-id=\"10393\" class=\"elementor elementor-10393\" data-elementor-post-type=\"page\">\n\t\t\t\t<div class=\"elementor-element elementor-element-bc5524f e-con-full animated-fast e-flex elementor-invisible e-con e-parent\" data-id=\"bc5524f\" data-element_type=\"container\" data-e-type=\"container\" data-settings=\"{&quot;background_background&quot;:&quot;classic&quot;,&quot;animation&quot;:&quot;fadeIn&quot;}\">\n\t\t<div class=\"elementor-element elementor-element-ea1ab97 animated-fast e-con-full e-flex e-con e-child\" data-id=\"ea1ab97\" data-element_type=\"container\" data-e-type=\"container\" data-settings=\"{&quot;motion_fx_motion_fx_scrolling&quot;:&quot;yes&quot;,&quot;motion_fx_translateY_effect&quot;:&quot;yes&quot;,&quot;animation&quot;:&quot;none&quot;,&quot;background_background&quot;:&quot;classic&quot;,&quot;motion_fx_translateY_speed&quot;:{&quot;unit&quot;:&quot;px&quot;,&quot;size&quot;:4,&quot;sizes&quot;:[]},&quot;motion_fx_translateY_affectedRange&quot;:{&quot;unit&quot;:&quot;%&quot;,&quot;size&quot;:&quot;&quot;,&quot;sizes&quot;:{&quot;start&quot;:0,&quot;end&quot;:100}},&quot;motion_fx_devices&quot;:[&quot;desktop&quot;,&quot;tablet&quot;,&quot;mobile&quot;]}\">\n\t\t\t\t<div class=\"elementor-element elementor-element-7154884 elementor-widget__width-auto elementor-invisible elementor-widget elementor-widget-heading\" data-id=\"7154884\" data-element_type=\"widget\" data-e-type=\"widget\" data-settings=\"{&quot;_animation&quot;:&quot;fadeIn&quot;,&quot;_animation_delay&quot;:600}\" data-widget_type=\"heading.default\">\n\t\t\t\t<div class=\"elementor-widget-container\">\n\t\t\t\t\t<h1 class=\"elementor-heading-title elementor-size-default\">Maximale Aufmerk&shy;samkeit im urbanen Raum.<\/h1>\t\t\t\t<\/div>\n\t\t\t\t<\/div>\n\t\t\t\t<\/div>\n\t\t\t\t<\/div>\n\t\t<div class=\"elementor-element elementor-element-9ba9503 e-flex e-con-boxed e-con e-parent\" data-id=\"9ba9503\" data-element_type=\"container\" data-e-type=\"container\">\n\t\t\t\t\t<div class=\"e-con-inner\">\n\t\t<div class=\"elementor-element elementor-element-fc92eb3 e-con-full e-flex e-con e-child\" data-id=\"fc92eb3\" data-element_type=\"container\" data-e-type=\"container\">\n\t\t\t\t<div class=\"elementor-element elementor-element-79d17a3 elementor-widget__width-auto elementor-invisible elementor-widget elementor-widget-heading\" data-id=\"79d17a3\" data-element_type=\"widget\" data-e-type=\"widget\" data-settings=\"{&quot;_animation&quot;:&quot;fadeIn&quot;,&quot;_animation_delay&quot;:400}\" data-widget_type=\"heading.default\">\n\t\t\t\t<div class=\"elementor-widget-container\">\n\t\t\t\t\t<h2 class=\"elementor-heading-title elementor-size-default\">Best Practice.\nWerben mit HYGH.<\/h2>\t\t\t\t<\/div>\n\t\t\t\t<\/div>\n\t\t\t\t<div class=\"elementor-element elementor-element-3d60177 elementor-invisible elementor-widget elementor-widget-text-editor\" data-id=\"3d60177\" data-element_type=\"widget\" data-e-type=\"widget\" data-settings=\"{&quot;_animation&quot;:&quot;fadeIn&quot;,&quot;_animation_delay&quot;:400}\" data-widget_type=\"text-editor.default\">\n\t\t\t\t<div class=\"elementor-widget-container\">\n\t\t\t\t\t\t\t\t\tHYGH Kampagnen bewegen. Hier stellen wir dir eine Auswahl unserer wirkungsvollsten Kampagnen vor. An den HYGH Best Cases kannst du sehen, wie digitales Know-how und zielgruppengenaue Ausspielung f\u00fcr messbar mehr Erfolg sorgen.\t\t\t\t\t\t\t\t<\/div>\n\t\t\t\t<\/div>\n\t\t\t\t<\/div>\n\t\t\t\t\t<\/div>\n\t\t\t\t<\/div>\n\t\t<div class=\"elementor-element elementor-element-849decc e-flex e-con-boxed e-con e-parent\" data-id=\"849decc\" data-element_type=\"container\" data-e-type=\"container\">\n\t\t\t\t\t<div class=\"e-con-inner\">\n\t\t<div class=\"elementor-element elementor-element-b5ce37d e-con-full e-flex e-con e-child\" data-id=\"b5ce37d\" data-element_type=\"container\" data-e-type=\"container\">\n\t\t\t\t<div class=\"elementor-element elementor-element-18765c5 elementor-posts__hover-none animated-fast elementor-grid-3 elementor-grid-tablet-2 elementor-grid-mobile-1 elementor-posts--thumbnail-top elementor-invisible elementor-widget elementor-widget-posts\" data-id=\"18765c5\" data-element_type=\"widget\" data-e-type=\"widget\" data-settings=\"{&quot;_animation&quot;:&quot;fadeIn&quot;,&quot;cards_columns&quot;:&quot;3&quot;,&quot;cards_columns_tablet&quot;:&quot;2&quot;,&quot;cards_columns_mobile&quot;:&quot;1&quot;,&quot;cards_row_gap&quot;:{&quot;unit&quot;:&quot;px&quot;,&quot;size&quot;:35,&quot;sizes&quot;:[]},&quot;cards_row_gap_tablet&quot;:{&quot;unit&quot;:&quot;px&quot;,&quot;size&quot;:&quot;&quot;,&quot;sizes&quot;:[]},&quot;cards_row_gap_mobile&quot;:{&quot;unit&quot;:&quot;px&quot;,&quot;size&quot;:&quot;&quot;,&quot;sizes&quot;:[]}}\" data-widget_type=\"posts.cards\">\n\t\t\t\t<div class=\"elementor-widget-container\">\n\t\t\t\t\t\t\t<div class=\"elementor-posts-container elementor-posts elementor-posts--skin-cards elementor-grid\" role=\"list\">\n\t\t\t\t<article class=\"elementor-post elementor-grid-item post-19612 post type-post status-publish format-standard has-post-thumbnail hentry category-best-practice\" role=\"listitem\">\n\t\t\t<div class=\"elementor-post__card\">\n\t\t\t\t<a class=\"elementor-post__thumbnail__link\" href=\"https:\/\/hygh.tech\/en\/pepsi\/\" tabindex=\"-1\"><div class=\"elementor-post__thumbnail\"><img fetchpriority=\"high\" decoding=\"async\" width=\"768\" height=\"432\" src=\"https:\/\/hygh.tech\/wp-content\/uploads\/2025\/07\/Pepsi_Cover-Bild-768x432.jpg\" class=\"attachment-medium_large size-medium_large wp-image-19617\" alt=\"\" srcset=\"https:\/\/hygh.tech\/wp-content\/uploads\/2025\/07\/Pepsi_Cover-Bild-768x432.jpg 768w, https:\/\/hygh.tech\/wp-content\/uploads\/2025\/07\/Pepsi_Cover-Bild-300x169.jpg 300w, https:\/\/hygh.tech\/wp-content\/uploads\/2025\/07\/Pepsi_Cover-Bild-1024x576.jpg 1024w, https:\/\/hygh.tech\/wp-content\/uploads\/2025\/07\/Pepsi_Cover-Bild-1536x864.jpg 1536w, https:\/\/hygh.tech\/wp-content\/uploads\/2025\/07\/Pepsi_Cover-Bild-18x10.jpg 18w, https:\/\/hygh.tech\/wp-content\/uploads\/2025\/07\/Pepsi_Cover-Bild.jpg 1920w\" sizes=\"(max-width: 768px) 100vw, 768px\" \/><\/div><\/a>\n\t\t\t\t<div class=\"elementor-post__text\">\n\t\t\t\t<h3 class=\"elementor-post__title\">\n\t\t\t<a href=\"https:\/\/hygh.tech\/en\/pepsi\/\">\n\t\t\t\tPepsi\t\t\t<\/a>\n\t\t<\/h3>\n\t\t\t\t<div class=\"elementor-post__excerpt\">\n\t\t\t<p>Wie schafft man es, eine Marke im \u00f6ffentlichen Raum so sichtbar zu machen, dass sie rund um eines der gr\u00f6\u00dften Sportevents des Jahres das Stadtbild<\/p>\n\t\t<\/div>\n\t\t\n\t\t<a class=\"elementor-post__read-more\" href=\"https:\/\/hygh.tech\/en\/pepsi\/\" aria-label=\"Read more about Pepsi\" tabindex=\"-1\">\n\t\t\tArtikel lesen\t\t<\/a>\n\n\t\t\t\t<\/div>\n\t\t\t\t\t<\/div>\n\t\t<\/article>\n\t\t\t\t<article class=\"elementor-post elementor-grid-item post-19475 post type-post status-publish format-standard has-post-thumbnail hentry category-best-practice\" role=\"listitem\">\n\t\t\t<div class=\"elementor-post__card\">\n\t\t\t\t<a class=\"elementor-post__thumbnail__link\" href=\"https:\/\/hygh.tech\/en\/lg-x-hygh-optimism-your-feed\/\" tabindex=\"-1\"><div class=\"elementor-post__thumbnail\"><img decoding=\"async\" width=\"768\" height=\"432\" src=\"https:\/\/hygh.tech\/wp-content\/uploads\/2025\/05\/LG_Casefilm_Headerbild-768x432.png\" class=\"attachment-medium_large size-medium_large wp-image-19482\" alt=\"\" srcset=\"https:\/\/hygh.tech\/wp-content\/uploads\/2025\/05\/LG_Casefilm_Headerbild-768x432.png 768w, https:\/\/hygh.tech\/wp-content\/uploads\/2025\/05\/LG_Casefilm_Headerbild-300x169.png 300w, https:\/\/hygh.tech\/wp-content\/uploads\/2025\/05\/LG_Casefilm_Headerbild-1024x576.png 1024w, https:\/\/hygh.tech\/wp-content\/uploads\/2025\/05\/LG_Casefilm_Headerbild-1536x864.png 1536w, https:\/\/hygh.tech\/wp-content\/uploads\/2025\/05\/LG_Casefilm_Headerbild-18x10.png 18w, https:\/\/hygh.tech\/wp-content\/uploads\/2025\/05\/LG_Casefilm_Headerbild.png 1920w\" sizes=\"(max-width: 768px) 100vw, 768px\" \/><\/div><\/a>\n\t\t\t\t<div class=\"elementor-post__text\">\n\t\t\t\t<h3 class=\"elementor-post__title\">\n\t\t\t<a href=\"https:\/\/hygh.tech\/en\/lg-x-hygh-optimism-your-feed\/\">\n\t\t\t\tLG \u00d7 HYGH \u2013 Optimism your Feed\t\t\t<\/a>\n\t\t<\/h3>\n\t\t\t\t<div class=\"elementor-post__excerpt\">\n\t\t\t<p>Wie bringt man positive Inhalte zur\u00fcck in einen digitalen Raum, der oft von Negativit\u00e4t gepr\u00e4gt ist? LG liefert mit der Kampagne \u201eOptimism your Feed\u201c eine<\/p>\n\t\t<\/div>\n\t\t\n\t\t<a class=\"elementor-post__read-more\" href=\"https:\/\/hygh.tech\/en\/lg-x-hygh-optimism-your-feed\/\" aria-label=\"Read more about LG \u00d7 HYGH \u2013 Optimism your Feed\" tabindex=\"-1\">\n\t\t\tArtikel lesen\t\t<\/a>\n\n\t\t\t\t<\/div>\n\t\t\t\t\t<\/div>\n\t\t<\/article>\n\t\t\t\t<article class=\"elementor-post elementor-grid-item post-17284 post type-post status-publish format-standard has-post-thumbnail hentry category-best-practice\" role=\"listitem\">\n\t\t\t<div class=\"elementor-post__card\">\n\t\t\t\t<a class=\"elementor-post__thumbnail__link\" href=\"https:\/\/hygh.tech\/en\/wolt-hygh-und-spotify\/\" tabindex=\"-1\"><div class=\"elementor-post__thumbnail\"><img decoding=\"async\" width=\"768\" height=\"512\" src=\"https:\/\/hygh.tech\/wp-content\/uploads\/2024\/06\/HYGH_Berlin_Budni_Guentzelstr-48_SpotifyxWolt-768x512.jpg\" class=\"attachment-medium_large size-medium_large wp-image-17290\" alt=\"\" srcset=\"https:\/\/hygh.tech\/wp-content\/uploads\/2024\/06\/HYGH_Berlin_Budni_Guentzelstr-48_SpotifyxWolt-768x512.jpg 768w, https:\/\/hygh.tech\/wp-content\/uploads\/2024\/06\/HYGH_Berlin_Budni_Guentzelstr-48_SpotifyxWolt-300x200.jpg 300w, https:\/\/hygh.tech\/wp-content\/uploads\/2024\/06\/HYGH_Berlin_Budni_Guentzelstr-48_SpotifyxWolt-1024x683.jpg 1024w, https:\/\/hygh.tech\/wp-content\/uploads\/2024\/06\/HYGH_Berlin_Budni_Guentzelstr-48_SpotifyxWolt-1536x1024.jpg 1536w, https:\/\/hygh.tech\/wp-content\/uploads\/2024\/06\/HYGH_Berlin_Budni_Guentzelstr-48_SpotifyxWolt-2048x1365.jpg 2048w, https:\/\/hygh.tech\/wp-content\/uploads\/2024\/06\/HYGH_Berlin_Budni_Guentzelstr-48_SpotifyxWolt-18x12.jpg 18w, https:\/\/hygh.tech\/wp-content\/uploads\/2024\/06\/HYGH_Berlin_Budni_Guentzelstr-48_SpotifyxWolt-945x630.jpg 945w, https:\/\/hygh.tech\/wp-content\/uploads\/2024\/06\/HYGH_Berlin_Budni_Guentzelstr-48_SpotifyxWolt-942x628.jpg 942w\" sizes=\"(max-width: 768px) 100vw, 768px\" \/><\/div><\/a>\n\t\t\t\t<div class=\"elementor-post__text\">\n\t\t\t\t<h3 class=\"elementor-post__title\">\n\t\t\t<a href=\"https:\/\/hygh.tech\/en\/wolt-hygh-und-spotify\/\">\n\t\t\t\tWolt, HYGH und Spotify\t\t\t<\/a>\n\t\t<\/h3>\n\t\t\t\t<div class=\"elementor-post__excerpt\">\n\t\t\t<p>Wie Audio die Werbewirkung verst\u00e4rkt In einer zunehmend digitalen und hektischen Welt wird es immer schwieriger, die Aufmerksamkeit der Konsumenten zu gewinnen und zu halten.<\/p>\n\t\t<\/div>\n\t\t\n\t\t<a class=\"elementor-post__read-more\" href=\"https:\/\/hygh.tech\/en\/wolt-hygh-und-spotify\/\" aria-label=\"Read more about Wolt, HYGH und Spotify\" tabindex=\"-1\">\n\t\t\tArtikel lesen\t\t<\/a>\n\n\t\t\t\t<\/div>\n\t\t\t\t\t<\/div>\n\t\t<\/article>\n\t\t\t\t<article class=\"elementor-post elementor-grid-item post-17273 post type-post status-publish format-standard has-post-thumbnail hentry category-best-practice\" role=\"listitem\">\n\t\t\t<div class=\"elementor-post__card\">\n\t\t\t\t<a class=\"elementor-post__thumbnail__link\" href=\"https:\/\/hygh.tech\/en\/fanta\/\" tabindex=\"-1\"><div class=\"elementor-post__thumbnail\"><img loading=\"lazy\" decoding=\"async\" width=\"768\" height=\"512\" src=\"https:\/\/hygh.tech\/wp-content\/uploads\/2024\/06\/Fanta_Case_City_01-768x512.jpg\" class=\"attachment-medium_large size-medium_large wp-image-17275\" alt=\"\" srcset=\"https:\/\/hygh.tech\/wp-content\/uploads\/2024\/06\/Fanta_Case_City_01-768x512.jpg 768w, https:\/\/hygh.tech\/wp-content\/uploads\/2024\/06\/Fanta_Case_City_01-300x200.jpg 300w, https:\/\/hygh.tech\/wp-content\/uploads\/2024\/06\/Fanta_Case_City_01-1024x683.jpg 1024w, https:\/\/hygh.tech\/wp-content\/uploads\/2024\/06\/Fanta_Case_City_01-1536x1024.jpg 1536w, https:\/\/hygh.tech\/wp-content\/uploads\/2024\/06\/Fanta_Case_City_01-2048x1365.jpg 2048w, https:\/\/hygh.tech\/wp-content\/uploads\/2024\/06\/Fanta_Case_City_01-18x12.jpg 18w, https:\/\/hygh.tech\/wp-content\/uploads\/2024\/06\/Fanta_Case_City_01-945x630.jpg 945w, https:\/\/hygh.tech\/wp-content\/uploads\/2024\/06\/Fanta_Case_City_01-942x628.jpg 942w\" sizes=\"(max-width: 768px) 100vw, 768px\" \/><\/div><\/a>\n\t\t\t\t<div class=\"elementor-post__text\">\n\t\t\t\t<h3 class=\"elementor-post__title\">\n\t\t\t<a href=\"https:\/\/hygh.tech\/en\/fanta\/\">\n\t\t\t\tFanta\t\t\t<\/a>\n\t\t<\/h3>\n\t\t\t\t<div class=\"elementor-post__excerpt\">\n\t\t\t<p>Maximale Aufmerksamkeit zur Halloween-Saison Keine andere Marke nutzte die Halloween-Saison so konsequent f\u00fcr besondere Werbeaktionen wie Fanta. Doch in diesem Jahr wurde die Tradition auf<\/p>\n\t\t<\/div>\n\t\t\n\t\t<a class=\"elementor-post__read-more\" href=\"https:\/\/hygh.tech\/en\/fanta\/\" aria-label=\"Read more about Fanta\" tabindex=\"-1\">\n\t\t\tArtikel lesen\t\t<\/a>\n\n\t\t\t\t<\/div>\n\t\t\t\t\t<\/div>\n\t\t<\/article>\n\t\t\t\t<article class=\"elementor-post elementor-grid-item post-11354 post type-post status-publish format-standard has-post-thumbnail hentry category-best-practice\" role=\"listitem\">\n\t\t\t<div class=\"elementor-post__card\">\n\t\t\t\t<a class=\"elementor-post__thumbnail__link\" href=\"https:\/\/hygh.tech\/en\/parookaville\/\" tabindex=\"-1\"><div class=\"elementor-post__thumbnail\"><img loading=\"lazy\" decoding=\"async\" width=\"768\" height=\"512\" src=\"https:\/\/hygh.tech\/wp-content\/uploads\/2023\/12\/hygh-city-netzwerk-torstrasse-98-768x512.jpg\" class=\"attachment-medium_large size-medium_large wp-image-11357\" alt=\"\" srcset=\"https:\/\/hygh.tech\/wp-content\/uploads\/2023\/12\/hygh-city-netzwerk-torstrasse-98-768x512.jpg 768w, https:\/\/hygh.tech\/wp-content\/uploads\/2023\/12\/hygh-city-netzwerk-torstrasse-98-300x200.jpg 300w, https:\/\/hygh.tech\/wp-content\/uploads\/2023\/12\/hygh-city-netzwerk-torstrasse-98-1024x683.jpg 1024w, https:\/\/hygh.tech\/wp-content\/uploads\/2023\/12\/hygh-city-netzwerk-torstrasse-98-1536x1024.jpg 1536w, https:\/\/hygh.tech\/wp-content\/uploads\/2023\/12\/hygh-city-netzwerk-torstrasse-98-18x12.jpg 18w, https:\/\/hygh.tech\/wp-content\/uploads\/2023\/12\/hygh-city-netzwerk-torstrasse-98-945x630.jpg 945w, https:\/\/hygh.tech\/wp-content\/uploads\/2023\/12\/hygh-city-netzwerk-torstrasse-98.jpg 1980w\" sizes=\"(max-width: 768px) 100vw, 768px\" \/><\/div><\/a>\n\t\t\t\t<div class=\"elementor-post__text\">\n\t\t\t\t<h3 class=\"elementor-post__title\">\n\t\t\t<a href=\"https:\/\/hygh.tech\/en\/parookaville\/\">\n\t\t\t\tParookaville\t\t\t<\/a>\n\t\t<\/h3>\n\t\t\t\t<div class=\"elementor-post__excerpt\">\n\t\t\t<p>Standing Ovations: Programmatische DOOH-Kampagne f\u00fcr Parookaville auf dem HYGH Netzwerk Besonders clever: Durch die Zusammenarbeit von Buchungsplattform Sage+Archer und HYGH entstand eine raffinierte Werbekampagne f\u00fcr<\/p>\n\t\t<\/div>\n\t\t\n\t\t<a class=\"elementor-post__read-more\" href=\"https:\/\/hygh.tech\/en\/parookaville\/\" aria-label=\"Read more about Parookaville\" tabindex=\"-1\">\n\t\t\tArtikel lesen\t\t<\/a>\n\n\t\t\t\t<\/div>\n\t\t\t\t\t<\/div>\n\t\t<\/article>\n\t\t\t\t<article class=\"elementor-post elementor-grid-item post-10436 post type-post status-publish format-standard has-post-thumbnail hentry category-best-practice\" role=\"listitem\">\n\t\t\t<div class=\"elementor-post__card\">\n\t\t\t\t<a class=\"elementor-post__thumbnail__link\" href=\"https:\/\/hygh.tech\/en\/cookie-bros\/\" tabindex=\"-1\"><div class=\"elementor-post__thumbnail\"><img loading=\"lazy\" decoding=\"async\" width=\"768\" height=\"512\" src=\"https:\/\/hygh.tech\/wp-content\/uploads\/2023\/06\/HYGH_POS_Netzwerk_Stargarder_2_Cookie_Bros-768x512.jpg\" class=\"attachment-medium_large size-medium_large wp-image-10440\" alt=\"\" srcset=\"https:\/\/hygh.tech\/wp-content\/uploads\/2023\/06\/HYGH_POS_Netzwerk_Stargarder_2_Cookie_Bros-768x512.jpg 768w, https:\/\/hygh.tech\/wp-content\/uploads\/2023\/06\/HYGH_POS_Netzwerk_Stargarder_2_Cookie_Bros-300x200.jpg 300w, https:\/\/hygh.tech\/wp-content\/uploads\/2023\/06\/HYGH_POS_Netzwerk_Stargarder_2_Cookie_Bros-1024x683.jpg 1024w, https:\/\/hygh.tech\/wp-content\/uploads\/2023\/06\/HYGH_POS_Netzwerk_Stargarder_2_Cookie_Bros-1536x1024.jpg 1536w, https:\/\/hygh.tech\/wp-content\/uploads\/2023\/06\/HYGH_POS_Netzwerk_Stargarder_2_Cookie_Bros-2048x1366.jpg 2048w, https:\/\/hygh.tech\/wp-content\/uploads\/2023\/06\/HYGH_POS_Netzwerk_Stargarder_2_Cookie_Bros-18x12.jpg 18w, https:\/\/hygh.tech\/wp-content\/uploads\/2023\/06\/HYGH_POS_Netzwerk_Stargarder_2_Cookie_Bros-945x630.jpg 945w\" sizes=\"(max-width: 768px) 100vw, 768px\" \/><\/div><\/a>\n\t\t\t\t<div class=\"elementor-post__text\">\n\t\t\t\t<h3 class=\"elementor-post__title\">\n\t\t\t<a href=\"https:\/\/hygh.tech\/en\/cookie-bros\/\">\n\t\t\t\tCookie Bros.\t\t\t<\/a>\n\t\t<\/h3>\n\t\t\t\t<div class=\"elementor-post__excerpt\">\n\t\t\t<p>Social-Out-Of-Home. Eis. Reis. Baby! \u2013 die Sugar Daddies sind f\u00fcr eing\u00e4ngige Slogans und extravagante Marketing-Aktionen bekannt. Zur Einf\u00fchrung neuer Produkte von O-Mochi und Cookie Bros.<\/p>\n\t\t<\/div>\n\t\t\n\t\t<a class=\"elementor-post__read-more\" href=\"https:\/\/hygh.tech\/en\/cookie-bros\/\" aria-label=\"Read more about Cookie Bros.\" tabindex=\"-1\">\n\t\t\tArtikel lesen\t\t<\/a>\n\n\t\t\t\t<\/div>\n\t\t\t\t\t<\/div>\n\t\t<\/article>\n\t\t\t\t<article class=\"elementor-post elementor-grid-item post-10431 post type-post status-publish format-standard has-post-thumbnail hentry category-best-practice\" role=\"listitem\">\n\t\t\t<div class=\"elementor-post__card\">\n\t\t\t\t<a class=\"elementor-post__thumbnail__link\" href=\"https:\/\/hygh.tech\/en\/grace-flowerbox\/\" tabindex=\"-1\"><div class=\"elementor-post__thumbnail\"><img loading=\"lazy\" decoding=\"async\" width=\"768\" height=\"458\" src=\"https:\/\/hygh.tech\/wp-content\/uploads\/2023\/06\/HYGH_Premium_Netzwerk_Kudamm227_Grace_Flowerbox-768x458.jpg\" class=\"attachment-medium_large size-medium_large wp-image-10438\" alt=\"\" srcset=\"https:\/\/hygh.tech\/wp-content\/uploads\/2023\/06\/HYGH_Premium_Netzwerk_Kudamm227_Grace_Flowerbox-768x458.jpg 768w, https:\/\/hygh.tech\/wp-content\/uploads\/2023\/06\/HYGH_Premium_Netzwerk_Kudamm227_Grace_Flowerbox-300x179.jpg 300w, https:\/\/hygh.tech\/wp-content\/uploads\/2023\/06\/HYGH_Premium_Netzwerk_Kudamm227_Grace_Flowerbox-1024x610.jpg 1024w, https:\/\/hygh.tech\/wp-content\/uploads\/2023\/06\/HYGH_Premium_Netzwerk_Kudamm227_Grace_Flowerbox-1536x915.jpg 1536w, https:\/\/hygh.tech\/wp-content\/uploads\/2023\/06\/HYGH_Premium_Netzwerk_Kudamm227_Grace_Flowerbox-2048x1221.jpg 2048w, https:\/\/hygh.tech\/wp-content\/uploads\/2023\/06\/HYGH_Premium_Netzwerk_Kudamm227_Grace_Flowerbox-18x12.jpg 18w, https:\/\/hygh.tech\/wp-content\/uploads\/2023\/06\/HYGH_Premium_Netzwerk_Kudamm227_Grace_Flowerbox-1057x630.jpg 1057w\" sizes=\"(max-width: 768px) 100vw, 768px\" \/><\/div><\/a>\n\t\t\t\t<div class=\"elementor-post__text\">\n\t\t\t\t<h3 class=\"elementor-post__title\">\n\t\t\t<a href=\"https:\/\/hygh.tech\/en\/grace-flowerbox\/\">\n\t\t\t\tGrace Flowerbox\t\t\t<\/a>\n\t\t<\/h3>\n\t\t\t\t<div class=\"elementor-post__excerpt\">\n\t\t\t<p>Messbarer Kampagnenerfolg durch Geo-Tracking. Der Valentinstag ist nicht nur der Tag der Liebe, sondern auch einer der bedeutendsten Marketinganl\u00e4sse des Jahres. Das Berliner Start-up Grace<\/p>\n\t\t<\/div>\n\t\t\n\t\t<a class=\"elementor-post__read-more\" href=\"https:\/\/hygh.tech\/en\/grace-flowerbox\/\" aria-label=\"Read more about Grace Flowerbox\" tabindex=\"-1\">\n\t\t\tArtikel lesen\t\t<\/a>\n\n\t\t\t\t<\/div>\n\t\t\t\t\t<\/div>\n\t\t<\/article>\n\t\t\t\t<article class=\"elementor-post elementor-grid-item post-10428 post type-post status-publish format-standard has-post-thumbnail hentry category-best-practice\" role=\"listitem\">\n\t\t\t<div class=\"elementor-post__card\">\n\t\t\t\t<a class=\"elementor-post__thumbnail__link\" href=\"https:\/\/hygh.tech\/en\/go-express-logistics\/\" tabindex=\"-1\"><div class=\"elementor-post__thumbnail\"><img loading=\"lazy\" decoding=\"async\" width=\"768\" height=\"512\" src=\"https:\/\/hygh.tech\/wp-content\/uploads\/2023\/06\/HYGH_City_Netzwerk_GO-768x512.jpg\" class=\"attachment-medium_large size-medium_large wp-image-10439\" alt=\"\" srcset=\"https:\/\/hygh.tech\/wp-content\/uploads\/2023\/06\/HYGH_City_Netzwerk_GO-768x512.jpg 768w, https:\/\/hygh.tech\/wp-content\/uploads\/2023\/06\/HYGH_City_Netzwerk_GO-300x200.jpg 300w, https:\/\/hygh.tech\/wp-content\/uploads\/2023\/06\/HYGH_City_Netzwerk_GO-1024x683.jpg 1024w, https:\/\/hygh.tech\/wp-content\/uploads\/2023\/06\/HYGH_City_Netzwerk_GO-1536x1025.jpg 1536w, https:\/\/hygh.tech\/wp-content\/uploads\/2023\/06\/HYGH_City_Netzwerk_GO-2048x1366.jpg 2048w, https:\/\/hygh.tech\/wp-content\/uploads\/2023\/06\/HYGH_City_Netzwerk_GO-18x12.jpg 18w, https:\/\/hygh.tech\/wp-content\/uploads\/2023\/06\/HYGH_City_Netzwerk_GO-944x630.jpg 944w\" sizes=\"(max-width: 768px) 100vw, 768px\" \/><\/div><\/a>\n\t\t\t\t<div class=\"elementor-post__text\">\n\t\t\t\t<h3 class=\"elementor-post__title\">\n\t\t\t<a href=\"https:\/\/hygh.tech\/en\/go-express-logistics\/\">\n\t\t\t\tGO! Express &amp; Logistics\t\t\t<\/a>\n\t\t<\/h3>\n\t\t\t\t<div class=\"elementor-post__excerpt\">\n\t\t\t<p>Messbarer Kampagnenerfolg durch eine individuelle Landingpage. Um das Gesch\u00e4ft in Berlin weiter auszubauen, hat GO! Express &amp; Logistics eine innovative Marketingkampagne gestartet. Erstmals wurde das<\/p>\n\t\t<\/div>\n\t\t\n\t\t<a class=\"elementor-post__read-more\" href=\"https:\/\/hygh.tech\/en\/go-express-logistics\/\" aria-label=\"Read more about GO! Express &amp; Logistics\" tabindex=\"-1\">\n\t\t\tArtikel lesen\t\t<\/a>\n\n\t\t\t\t<\/div>\n\t\t\t\t\t<\/div>\n\t\t<\/article>\n\t\t\t\t<article class=\"elementor-post elementor-grid-item post-10410 post type-post status-publish format-standard has-post-thumbnail hentry category-best-practice\" role=\"listitem\">\n\t\t\t<div class=\"elementor-post__card\">\n\t\t\t\t<a class=\"elementor-post__thumbnail__link\" href=\"https:\/\/hygh.tech\/en\/n26\/\" tabindex=\"-1\"><div class=\"elementor-post__thumbnail\"><img loading=\"lazy\" decoding=\"async\" width=\"768\" height=\"513\" src=\"https:\/\/hygh.tech\/wp-content\/uploads\/2023\/06\/HYGH_best_practice_N26_header-768x513.jpg\" class=\"attachment-medium_large size-medium_large wp-image-10416\" alt=\"\" srcset=\"https:\/\/hygh.tech\/wp-content\/uploads\/2023\/06\/HYGH_best_practice_N26_header-768x513.jpg 768w, https:\/\/hygh.tech\/wp-content\/uploads\/2023\/06\/HYGH_best_practice_N26_header-300x200.jpg 300w, https:\/\/hygh.tech\/wp-content\/uploads\/2023\/06\/HYGH_best_practice_N26_header-1024x684.jpg 1024w, https:\/\/hygh.tech\/wp-content\/uploads\/2023\/06\/HYGH_best_practice_N26_header-1536x1026.jpg 1536w, https:\/\/hygh.tech\/wp-content\/uploads\/2023\/06\/HYGH_best_practice_N26_header-2048x1368.jpg 2048w, https:\/\/hygh.tech\/wp-content\/uploads\/2023\/06\/HYGH_best_practice_N26_header-18x12.jpg 18w, https:\/\/hygh.tech\/wp-content\/uploads\/2023\/06\/HYGH_best_practice_N26_header-943x630.jpg 943w\" sizes=\"(max-width: 768px) 100vw, 768px\" \/><\/div><\/a>\n\t\t\t\t<div class=\"elementor-post__text\">\n\t\t\t\t<h3 class=\"elementor-post__title\">\n\t\t\t<a href=\"https:\/\/hygh.tech\/en\/n26\/\">\n\t\t\t\tN26\t\t\t<\/a>\n\t\t<\/h3>\n\t\t\t\t<div class=\"elementor-post__excerpt\">\n\t\t\t<p>N26 macht vor, wie hyperlokales Werben funktioniert. N26, die mobile Onlinebank wagte einen genialen Schritt in ihrer ersten Kampagne auf dem HYGH Netzwerk. Sie setzte<\/p>\n\t\t<\/div>\n\t\t\n\t\t<a class=\"elementor-post__read-more\" href=\"https:\/\/hygh.tech\/en\/n26\/\" aria-label=\"Read more about N26\" tabindex=\"-1\">\n\t\t\tArtikel lesen\t\t<\/a>\n\n\t\t\t\t<\/div>\n\t\t\t\t\t<\/div>\n\t\t<\/article>\n\t\t\t\t<\/div>\n\t\t\n\t\t\t\t\t\t<\/div>\n\t\t\t\t<\/div>\n\t\t\t\t<\/div>\n\t\t\t\t\t<\/div>\n\t\t\t\t<\/div>\n\t\t\t\t<\/div>\n\t\t","protected":false},"excerpt":{"rendered":"<p>Maximale Aufmerk&shy;samkeit im urbanen Raum. Best Practice. Werben mit HYGH. HYGH Kampagnen bewegen. Hier stellen wir dir eine Auswahl unserer wirkungsvollsten Kampagnen vor. An den HYGH Best Cases kannst du sehen, wie digitales Know-how und zielgruppengenaue Ausspielung f\u00fcr messbar mehr Erfolg sorgen.<\/p>","protected":false},"author":1,"featured_media":15144,"parent":0,"menu_order":0,"comment_status":"closed","ping_status":"closed","template":"elementor_header_footer","meta":{"footnotes":""},"class_list":["post-10393","page","type-page","status-publish","has-post-thumbnail","hentry"],"elementor_data":null,"elementor_page_settings":null,"_links":{"self":[{"href":"https:\/\/hygh.tech\/en\/wp-json\/wp\/v2\/pages\/10393","targetHints":{"allow":["GET"]}}],"collection":[{"href":"https:\/\/hygh.tech\/en\/wp-json\/wp\/v2\/pages"}],"about":[{"href":"https:\/\/hygh.tech\/en\/wp-json\/wp\/v2\/types\/page"}],"author":[{"embeddable":true,"href":"https:\/\/hygh.tech\/en\/wp-json\/wp\/v2\/users\/1"}],"replies":[{"embeddable":true,"href":"https:\/\/hygh.tech\/en\/wp-json\/wp\/v2\/comments?post=10393"}],"version-history":[{"count":0,"href":"https:\/\/hygh.tech\/en\/wp-json\/wp\/v2\/pages\/10393\/revisions"}],"wp:featuredmedia":[{"embeddable":true,"href":"https:\/\/hygh.tech\/en\/wp-json\/wp\/v2\/media\/15144"}],"wp:attachment":[{"href":"https:\/\/hygh.tech\/en\/wp-json\/wp\/v2\/media?parent=10393"}],"curies":[{"name":"wp","href":"https:\/\/api.w.org\/{rel}","templated":true}]}}