{"id":2191,"date":"2021-03-31T12:38:28","date_gmt":"2021-03-31T12:38:28","guid":{"rendered":"http:\/\/hygh.tech\/?page_id=2191"},"modified":"2025-11-14T13:40:32","modified_gmt":"2025-11-14T11:40:32","slug":"impressum","status":"publish","type":"page","link":"https:\/\/hygh.tech\/en\/impressum\/","title":{"rendered":"Imprint"},"content":{"rendered":"\t\t<div data-elementor-type=\"wp-page\" data-elementor-id=\"2191\" class=\"elementor elementor-2191\" data-elementor-post-type=\"page\">\n\t\t\t\t<div class=\"elementor-element elementor-element-e90880d e-flex e-con-boxed e-con e-parent\" data-id=\"e90880d\" data-element_type=\"container\" data-e-type=\"container\">\n\t\t\t\t\t<div class=\"e-con-inner\">\n\t\t<div class=\"elementor-element elementor-element-c745a90 e-con-full e-flex e-con e-child\" data-id=\"c745a90\" data-element_type=\"container\" data-e-type=\"container\" data-settings=\"{&quot;animation&quot;:&quot;none&quot;}\">\n\t\t\t\t<div class=\"elementor-element elementor-element-7d548d1 elementor-widget elementor-widget-heading\" data-id=\"7d548d1\" data-element_type=\"widget\" data-e-type=\"widget\" data-settings=\"{&quot;_animation&quot;:&quot;none&quot;,&quot;_animation_delay&quot;:500}\" data-widget_type=\"heading.default\">\n\t\t\t\t<div class=\"elementor-widget-container\">\n\t\t\t\t\t<h1 class=\"elementor-heading-title elementor-size-default\">Impressum<\/h1>\t\t\t\t<\/div>\n\t\t\t\t<\/div>\n\t\t\t\t<div class=\"elementor-element elementor-element-1f8073c elementor-widget elementor-widget-text-editor\" data-id=\"1f8073c\" data-element_type=\"widget\" data-e-type=\"widget\" data-widget_type=\"text-editor.default\">\n\t\t\t\t<div class=\"elementor-widget-container\">\n\t\t\t\t\t\t\t\t\tAngaben gem\u00e4\u00df \u00a7 5 TMG\t\t\t\t\t\t\t\t<\/div>\n\t\t\t\t<\/div>\n\t\t\t\t<\/div>\n\t\t\t\t\t<\/div>\n\t\t\t\t<\/div>\n\t\t<div class=\"elementor-element elementor-element-81186fe e-flex e-con-boxed e-con e-parent\" data-id=\"81186fe\" data-element_type=\"container\" data-e-type=\"container\">\n\t\t\t\t\t<div class=\"e-con-inner\">\n\t\t<div class=\"elementor-element elementor-element-43ce532 e-con-full e-flex e-con e-child\" data-id=\"43ce532\" data-element_type=\"container\" data-e-type=\"container\">\n\t\t\t\t<div class=\"elementor-element elementor-element-60d3c00 elementor-widget__width-initial elementor-widget elementor-widget-text-editor\" data-id=\"60d3c00\" data-element_type=\"widget\" data-e-type=\"widget\" data-widget_type=\"text-editor.default\">\n\t\t\t\t<div class=\"elementor-widget-container\">\n\t\t\t\t\t\t\t\t\t<h3>Allgemeine Angaben<\/h3>\n<h5>Hauptsitz Schweiz<\/h5>\n<p>HYGH AG<br>Gotthardstra\u00dfe 3<br>6300 Zug<br>Schweiz<\/p>\n<h5>B\u00fcro Berlin<\/h5>\n<p>HYGH Germany GmbH &amp; Co. KG<br>Bellevuestr. 3<br>10785 Berlin<br>Deutschland<\/p>\n<h5>Gesch\u00e4ftsleitung<\/h5>\n<p>Antonius Link<br>Fritz Frey<\/p>\n<h5>Inhaltlich Verantwortlicher gem\u00e4\u00df \u00a7 55 Absatz 2 RStV<\/h5>\n<p>Antonius Link<\/p>\n<h5>Kontakt<\/h5>\n<p>Telephone: +49 30 63 33 85 0<br>E-Mail:&nbsp;hello@HYGH.tech<br>Web:&nbsp;<a href=\"https:\/\/hygh.tech\/\" target=\"_blank\" rel=\"noopener\">https:\/\/hygh.tech<\/a><\/p>\n<h5>Register und Registernummer<\/h5>\n<p>HRB 201632 B<br>Amtsgericht Charlottenburg (Berlin)<\/p>\n<p>Umsatzsteueridentifikationsnummer: DE369232704<\/p>\n<p>Die EU-Kommission hat eine Internetplattform zur Online-Beilegung von Streitigkeiten (\u201eOS-Plattform\u201c) zwischen Unternehmern und Verbrauchern eingerichtet. Die OS-Plattform ist erreichbar unter&nbsp;<a href=\"https:\/\/ec.europa.eu\/consumers\/odr\/\" target=\"_blank\" rel=\"noopener\">https:\/\/ec.europa.eu\/consumers\/odr\/<\/a>.<\/p>\n<h5>Haftung f\u00fcr fremde Inhalte<\/h5>\n<p>Die HYGH AG ist als Inhaltsanbieter nach \u00a7 7 Abs. 1 TMG f\u00fcr die \u201eeigenen Inhalte\u201c, die auf https:\/\/hygh.tech\/ zur Nutzung bereitgehalten werden, nach den allgemeinen Gesetzen verantwortlich. Von diesen eigenen Inhalten sind Querverweise (\u201eLinks\u201c) auf die von anderen Anbietern bereitgehaltenen Inhalte zu unterscheiden. Durch den Querverweis h\u00e4lt die HYGH AG insofern \u201efremde Inhalte\u201c zur Nutzung bereit, die durch den Hinweis \u201e[extern]\u201c entsprechend gekennzeichnet sind. Diese fremden Inhalte wurden bei der erstmaligen Link-Setzung daraufhin \u00fcberpr\u00fcft, ob durch sie eine m\u00f6gliche zivilrechtliche oder strafrechtliche Verantwortlichkeit ausgel\u00f6st wird. Es ist jedoch nicht auszuschlie\u00dfen, dass die Inhalte im Nachhinein von den jeweiligen Anbietern ver\u00e4ndert werden. Die HYGH AG \u00fcberpr\u00fcft die Inhalte, auf die sie in ihrem Angebot verweist, nicht st\u00e4ndig auf Ver\u00e4nderungen, die eine Verantwortlichkeit neu begr\u00fcnden k\u00f6nnten. Sollten Sie der Ansicht sein, dass die verlinkten externen Seiten gegen geltendes Recht versto\u00dfen oder sonst unangemessene Inhalte haben, so teilen Sie uns dies bitte mit.<\/p>\n<h5>Urheberrecht<\/h5>\n<p>Die durch die Seitenbetreiber erstellten Inhalte und Werke auf diesen Seiten unterliegen dem deutschen Urheberrecht. Die Vervielf\u00e4ltigung, Bearbeitung, Verbreitung und jede Art der Verwertung au\u00dferhalb der Grenzen des Urheberrechtes bed\u00fcrfen der schriftlichen Zustimmung des jeweiligen Autors bzw. Erstellers. Downloads und Kopien dieser Seite sind nur f\u00fcr den privaten, nicht kommerziellen Gebrauch gestattet. Soweit die Inhalte auf dieser Seite nicht vom Betreiber erstellt wurden, werden die Urheberrechte Dritter beachtet. Insbesondere werden Inhalte Dritter als solche gekennzeichnet. Sollten Sie trotzdem auf eine Urheberrechtsverletzung aufmerksam werden, bitten wir um einen entsprechenden Hinweis. Bei Bekanntwerden von Rechtsverletzungen werden wir derartige Inhalte umgehend entfernen.<\/p>\n<h3>Spezifische Kontaktanfragen<\/h3>\n<h5>Fragen zur Plattform<\/h5>\n<p>HYGH Plattform-Support<br>E-Mail: <a href=\"mailto:hello@hygh.tech\">hello@HYGH.tech<\/a><\/p>\n<h5>Allgemeiner Investor Support<\/h5>\n<p>E-Mail:&nbsp;<a href=\"mailto:invest@hygh.tech\" target=\"_blank\" rel=\"noopener\">invest@HYGH.tech<\/a><\/p>\n<h5>F\u00fcr Werbetreibende<\/h5>\n<p>Robert Neumann \u2013 Sales Director<br>E-Mail:&nbsp;<a href=\"mailto:rneumann@hygh.tech\" target=\"_blank\" rel=\"noopener\">rneumann@HYGH.tech<\/a><br>Telefon: +49 172 275 67 65<\/p>\n<h5>F\u00fcr Display Partner<\/h5>\n<p>Stefano Fazzini \u2013 Expansion Manager<br>E-Mail:&nbsp;<a href=\"mailto:display@hygh.tech\" target=\"_blank\" rel=\"noopener\">display@HYGH.tech<\/a><br>Telefon: +49 157 38 10 22 29<\/p>\n<h5>Sonstige Anfragen<\/h5>\n<p>E-Mail: <a href=\"mailto:info@hygh.tech\" target=\"_blank\" rel=\"noopener\">hello@HYGH.tech<\/a><\/p>\n<p>Stand: April 2023<\/p>\t\t\t\t\t\t\t\t<\/div>\n\t\t\t\t<\/div>\n\t\t\t\t<\/div>\n\t\t\t\t\t<\/div>\n\t\t\t\t<\/div>\n\t\t\t\t<\/div>\n\t\t","protected":false},"excerpt":{"rendered":"<p>Impressum Angaben gem\u00e4\u00df \u00a7 5 TMG Allgemeine Angaben Hauptsitz Schweiz HYGH AGGotthardstra\u00dfe 36300 ZugSchweiz B\u00fcro Berlin HYGH Germany GmbH &amp; Co. KGBellevuestr. 310785 BerlinDeutschland Gesch\u00e4ftsleitung Antonius LinkFritz Frey Inhaltlich Verantwortlicher gem\u00e4\u00df \u00a7 55 Absatz 2 RStV Antonius Link Kontakt Telephone: +49 30 63 33 85 0E-Mail:&nbsp;hello@HYGH.techWeb:&nbsp;https:\/\/hygh.tech Register und Registernummer HRB 201632 BAmtsgericht Charlottenburg (Berlin) Umsatzsteueridentifikationsnummer: [&hellip;]<\/p>\n","protected":false},"author":1,"featured_media":0,"parent":0,"menu_order":0,"comment_status":"closed","ping_status":"closed","template":"elementor_header_footer","meta":{"footnotes":""},"class_list":["post-2191","page","type-page","status-publish","hentry"],"elementor_data":null,"elementor_page_settings":null,"_links":{"self":[{"href":"https:\/\/hygh.tech\/en\/wp-json\/wp\/v2\/pages\/2191","targetHints":{"allow":["GET"]}}],"collection":[{"href":"https:\/\/hygh.tech\/en\/wp-json\/wp\/v2\/pages"}],"about":[{"href":"https:\/\/hygh.tech\/en\/wp-json\/wp\/v2\/types\/page"}],"author":[{"embeddable":true,"href":"https:\/\/hygh.tech\/en\/wp-json\/wp\/v2\/users\/1"}],"replies":[{"embeddable":true,"href":"https:\/\/hygh.tech\/en\/wp-json\/wp\/v2\/comments?post=2191"}],"version-history":[{"count":3,"href":"https:\/\/hygh.tech\/en\/wp-json\/wp\/v2\/pages\/2191\/revisions"}],"predecessor-version":[{"id":20073,"href":"https:\/\/hygh.tech\/en\/wp-json\/wp\/v2\/pages\/2191\/revisions\/20073"}],"wp:attachment":[{"href":"https:\/\/hygh.tech\/en\/wp-json\/wp\/v2\/media?parent=2191"}],"curies":[{"name":"wp","href":"https:\/\/api.w.org\/{rel}","templated":true}]}}