{"id":2235,"date":"2021-03-31T13:32:19","date_gmt":"2021-03-31T13:32:19","guid":{"rendered":"http:\/\/hygh.tech\/?page_id=2235"},"modified":"2025-07-11T12:45:04","modified_gmt":"2025-07-11T10:45:04","slug":"agb","status":"publish","type":"page","link":"https:\/\/hygh.tech\/en\/agb\/","title":{"rendered":"Terms &amp; Conditions"},"content":{"rendered":"\t\t<div data-elementor-type=\"wp-page\" data-elementor-id=\"2235\" class=\"elementor elementor-2235\" data-elementor-post-type=\"page\">\n\t\t\t\t<div class=\"elementor-element elementor-element-35158ac e-flex e-con-boxed e-con e-parent\" data-id=\"35158ac\" data-element_type=\"container\" data-e-type=\"container\">\n\t\t\t\t\t<div class=\"e-con-inner\">\n\t\t<div class=\"elementor-element elementor-element-d8cd6dd e-con-full e-flex e-con e-child\" data-id=\"d8cd6dd\" data-element_type=\"container\" data-e-type=\"container\">\n\t\t\t\t<div class=\"elementor-element elementor-element-31add2e elementor-widget elementor-widget-heading\" data-id=\"31add2e\" data-element_type=\"widget\" data-e-type=\"widget\" data-settings=\"{&quot;_animation&quot;:&quot;none&quot;,&quot;_animation_delay&quot;:500}\" data-widget_type=\"heading.default\">\n\t\t\t\t<div class=\"elementor-widget-container\">\n\t\t\t\t\t<h1 class=\"elementor-heading-title elementor-size-default\">AGB<\/h1>\t\t\t\t<\/div>\n\t\t\t\t<\/div>\n\t\t\t\t<\/div>\n\t\t\t\t\t<\/div>\n\t\t\t\t<\/div>\n\t\t<div class=\"elementor-element elementor-element-267144a e-flex e-con-boxed e-con e-parent\" data-id=\"267144a\" data-element_type=\"container\" data-e-type=\"container\">\n\t\t\t\t\t<div class=\"e-con-inner\">\n\t\t<div class=\"elementor-element elementor-element-10a4f55 e-con-full e-flex e-con e-child\" data-id=\"10a4f55\" data-element_type=\"container\" data-e-type=\"container\">\n\t\t\t\t<div class=\"elementor-element elementor-element-5eb6982 elementor-widget elementor-widget-text-editor\" data-id=\"5eb6982\" data-element_type=\"widget\" data-e-type=\"widget\" data-widget_type=\"text-editor.default\">\n\t\t\t\t<div class=\"elementor-widget-container\">\n\t\t\t\t\t\t\t\t\t<p><b>Allgemeine Gesch\u00e4ftsbedingungen (AGB) der HYGH Germany GmbH &amp; Co. KG<\/b><\/p>\n<p>Stand: [April 2025]<\/p>\n<h3>\u00a7 1 Geltungsbereich<\/h3>\n<p>(1) Diese Allgemeinen Gesch\u00e4ftsbedingungen (&#8222;AGB&#8220;) gelten f\u00fcr alle Vertr\u00e4ge \u00fcber die Nutzung von Dienstleistungen im Bereich der digitalen Au\u00dfenwerbung, die zwischen der HYGH Germany GmbH &amp; Co. KG (\u201eHYGH\u201c), Bellevuestra\u00dfe 3, 10785 Berlin (&#8222;Auftragnehmer&#8220;) und ihren Kunden (&#8222;Auftraggeber&#8220; oder \u201eNutzer\u201c) abgeschlossen werden. Dies umfasst insbesondere Buchungen \u00fcber die HYGH Advertisement Plattform (&#8222;HAP&#8220;) sowie Buchungen \u00fcber den direkten Kontakt mit Kundenberatern.<\/p>\n<p>(2) HYGH bietet die Platzierung von Digital-Out-of-Home-Kampagnen (&#8222;DOOH&#8220; oder &#8222;Kampagne(n)&#8220;) auf digitalen Werbefl\u00e4chen im \u00f6ffentlichen Raum an. Die Kampagnen beinhalten das Ausspielen von Inhalten (z. B. Bilder, Videos) auf digitalen Displays (&#8222;Werbefl\u00e4chen&#8220; oder &#8222;Werbetr\u00e4ger&#8220;) entsprechend der individuellen Buchung w\u00e4hrend des vereinbarten Werbezeitraums (\u201eMedialeistung\u201c). Auch weitere Leistungen wie das Erstellen von Werbemitteln (\u201eKreativleistung\u201c), aber auch Herstellung und Wartung von Werbemitteln sowie das Einholen von Genehmigungen (\u201etechnische Leistungen\u201c) werden von diesen AGB umfasst.<\/p>\n<p>(3) Diese AGB gelten gegen\u00fcber Unternehmen im Sinne von \u00a7 14 BGB sowie gegen\u00fcber Verbrauchern, soweit Letztere im Einzelfall als Auftraggeber auftreten.<\/p>\n<h3>\u00a7 2 Buchung und Vertragsschluss<\/h3>\n<p>(1) Die Buchung von Leistungen kann \u00fcber die HAP oder durch direkten Kontakt mit HYGH (z. B. per E-Mail, Telefon, pers\u00f6nlich) erfolgen.<\/p>\n<p>(2) Ein Vertrag kommt zustande durch:<\/p>\n<ul>\n<li>\u00dcbermittlung einer Buchungsbest\u00e4tigung durch HYGH nach einer Buchung \u00fcber die HAP,<\/li>\n<li>oder \u00dcbermittlung einer schriftlichen Best\u00e4tigung (z. B. per E-Mail) durch HYGH bei direkter Buchung.<\/li>\n<\/ul>\n<p>(3) Die Buchungsbest\u00e4tigung enth\u00e4lt die wesentlichen Leistungsbestandteile (z. B. Zeitraum, Preis, Werbetr\u00e4gerauswahl) und stellt die Annahme des Angebots des Auftraggebers dar.<\/p>\n<h3>\u00a7 3 Preise und Zahlung<\/h3>\n<p>(1) Alle Preise sind Endpreise und verstehen sich zzgl. gesetzlicher Umsatzsteuer, soweit nicht anders ausgewiesen. Es gilt der Betrag, der jeweils zum Zeitpunkt der verbindlichen Bestellung ausgewiesen ist. Die Preise in den Mediadaten sind freibleibend und unverbindlich.<\/p>\n<p>(2) Die Zahlung erfolgt vor Leistungserbringung \u00fcber die in der jeweiligen Buchung angegebenen Zahlungsmethoden (z. B. SEPA-\u00dcberweisung, Stripe, Zahlung auf Rechnung).<\/p>\n<p>(3) Der Nutzer erh\u00e4lt eine elektronische Rechnung im PDF-Format an die angegebene E-Mail-Adresse. Der Nutzer willigt ausdr\u00fccklich in den elektronischen Versand ein.<\/p>\n<h3>\u00a7 4 Nutzung der Dienstleistungen und der Plattform (HAP)<\/h3>\n<p>(1) Die Nutzung der HAP setzt eine Registrierung voraus. Der Nutzer hat seine bei der Registrierung erhobenen Daten wahrheitsgem\u00e4\u00df und vollst\u00e4ndig anzugeben. Der Nutzer ist verpflichtet, seine Zugangsdaten vertraulich zu behandeln und nicht an Dritte weiterzugeben. Sollten die Zugangsdaten abhandenkommen oder der Nutzer hegt den Verdacht, dass die Zugangsdaten von einem Dritten genutzt werden, hat er dies HYGH unverz\u00fcglich mitzuteilen.<\/p>\n<p>(2) Inhalte d\u00fcrfen nur im Einklang mit geltendem Recht und den HYGH Content-Regeln hochgeladen werden.<\/p>\n<p>(3) Bei Verst\u00f6\u00dfen gegen gesetzliche Vorschriften oder die HYGH Content-Regeln kann HYGH Inhalte ablehnen, bearbeiten oder den Account sperren.<\/p>\n<p>(4) Die Plattform steht grunds\u00e4tzlich rund um die Uhr zur Verf\u00fcgung, mit Ausnahme von Wartungs- oder Sicherungszeiten.<\/p>\n<p>(5) Neben der Nutzung der HAP gelten f\u00fcr Buchungen \u00fcber direkten Kontakt zu einem Kundenberater erg\u00e4nzende Regelungen, die den individuellen Beratungs- und Buchungsprozess ber\u00fccksichtigen. Hierbei gilt die Schriftform, Mitarbeiter der HYGH sind nicht berechtigt, m\u00fcndliche Nebenabsprachen zu treffen und Zusicherungen zu geben, die \u00fcber die vertraglichen Vereinbarungen hinausgehen.<\/p>\n<h3>\u00a7 5 Inhalte und Rechte<\/h3>\n<p>(1) Der Nutzer erkl\u00e4rt, \u00fcber s\u00e4mtliche zur Ausspielung erforderlichen Marken-, Namens-, Design-, Urheber- und Nutzungsrechte an den zur Verf\u00fcgung gestellten und hochgeladenen Inhalten zu verf\u00fcgen.<\/p>\n<p>(2) Der Auftraggeber ist verantwortlich f\u00fcr den Inhalt der Werbemotive und stellt den Auftragnehmer von eventuellen Anspr\u00fcchen Dritter frei. Dies gilt auch, wenn das Werbemotiv eine Kreativleistung durch den Auftragnehmer darstellt. In diesem Fall ergibt sich mit der Abgabe der Kreativleistung an den Auftraggeber die Pr\u00fcfpflicht auf inhaltliche Richtigkeit und Rechtm\u00e4\u00dfigkeit des Werbemittels.<\/p>\n<p>(3) Der Nutzer r\u00e4umt HYGH das nicht-exklusive Recht ein, die Inhalte zu bearbeiten, technisch zu optimieren und auf den gebuchten Werbefl\u00e4chen zu den vereinbarten Zeiten zu ver\u00f6ffentlichen.<\/p>\n<p>(4) HYGH kann Nachweise \u00fcber Rechte Dritter verlangen, wenn der Nutzer nicht allein \u00fcber die Rechte an den Inhalten verf\u00fcgt.<\/p>\n<p>(5) Der Auftragnehmer ist bis auf Widerruf berechtigt, das Werbemotiv und Belegbilder des Werbemotivs f\u00fcr eigene werbliche Zwecke zu verwenden.<\/p>\n<h3>\u00a7 6 M\u00e4ngelrechte<\/h3>\n<p>(1) Bei Nichtausf\u00fchrung, Unterbrechung, vorzeitiger Beendigung, Verz\u00f6gerung, mangelhafter Durchf\u00fchrung oder sonstiger St\u00f6rung der Werbeschaltung aus Gr\u00fcnden, die HYGH zu vertreten hat, wird HYGH anstelle der beeintr\u00e4chtigten Werbefl\u00e4che nach der Wahl der HYGH eine Ersatzschaltung auf einer anderen, vergleichbaren Werbefl\u00e4che, oder durch Verl\u00e4ngerung der Werbeschaltung auf den \u00fcbrigen, verf\u00fcgbaren Werbefl\u00e4chen die Ausspielung vornehmen, die sich im vom Auftraggeber festgelegten Ausspielbereich befinden, oder dem Nutzer eine Gutschrift erteilen.<\/p>\n<p>(2) Dem Auftraggeber ist bekannt, dass es bei digitalen Werbefl\u00e4chen zu geringf\u00fcgigen Abweichungen in der Farbwahrnehmung kommen kann, die z. B. durch kurzfristige Ver\u00e4nderungen der Umwelteinfl\u00fcsse (z. B. Wetterumschw\u00fcnge) bedingt sind. Derartige Abweichungen stellen keinen Mangel dar. Im \u00dcbrigen gelten geringf\u00fcgige Anzeigefehler, die die Erkennbarkeit des ausgespielten Inhalts nicht beeintr\u00e4chtigen und nicht mehr als 5 % der jeweils betroffenen Werbefl\u00e4che ausmachen, nicht als Mangel. Selbiges gilt f\u00fcr Mehr- oder Minderlieferungen von nicht mehr als 5%.<\/p>\n<p>(3) HYGH ist berechtigt, Auftr\u00e4ge \u2013 auch einzelne Abrufe im Rahmen eines Auftrags \u2013 wegen des Inhalts, der Herkunft oder der technischen Form nach einheitlichen, sachlich gerechtfertigten Grunds\u00e4tzen (siehe \u00a7 3 der AGB) abzulehnen oder bereits gestartete Kampagnen vor\u00fcbergehend oder endg\u00fcltig zu stoppen. Das Recht zur Ablehnung oder zur Beendigung einer Kampagne steht HYGH auch zu, wenn die Schaltung der Inhalte der HYGH aus bautechnischen oder betrieblichen Gr\u00fcnden nicht zumutbar ist.<\/p>\n<h3>\u00a7 7 Haftung und Gew\u00e4hrleistung<\/h3>\n<p>(1) F\u00fcr die Rechtm\u00e4\u00dfigkeit und Zul\u00e4ssigkeit der Inhalte ist allein der Auftraggeber verantwortlich. HYGH haftet nicht f\u00fcr von Dritten hochgeladene Inhalte. Gleiches gilt f\u00fcr den Inhalt der beworbenen Produkte, Dienstleistungen und Webseiten. HYGH obliegt keine Pr\u00fcfpflicht.<\/p>\n<p>(2) HYGH haftet nicht f\u00fcr Ausf\u00e4lle der Plattform, die au\u00dferhalb ihres Einflussbereichs liegen (z. B. Netzausfall, H\u00e4rtef\u00e4lle).<\/p>\n<p>(3) F\u00fcr Sch\u00e4den, die durch unvorhersehbare, au\u00dferhalb des Einflussbereiches von HYGH liegende Umst\u00e4nde (z.B. Netzausf\u00e4lle, h\u00f6here Gewalt) verursacht werden, \u00fcbernimmt HYGH keine Haftung.<\/p>\n<p>(4) Bei leichter Fahrl\u00e4ssigkeit haftet HYGH nur f\u00fcr die Verletzung vertragswesentlicher Pflichten (Kardinalspflichten) und nur in der H\u00f6he des typischerweise vorhersehbaren Schadens. Die Haftung f\u00fcr mittelbare Sch\u00e4den und M\u00e4ngelfolgesch\u00e4den wird ausgeschlossen.<\/p>\n<p>(5) Die Haftung f\u00fcr Sch\u00e4den aus der Verletzung von Leben, K\u00f6rper oder Gesundheit bleibt unber\u00fchrt.<\/p>\n<p>(6) Offensichtliche M\u00e4ngel sind unverz\u00fcglich, sp\u00e4testens aber bis 30 Kalendertage nach Abschluss des Werbezeitraums gegen\u00fcber HYGH schriftlich geltend zu machen.<\/p>\n<p>(7) HYGH beh\u00e4lt sich das Recht vor, den Vertrag fristlos zu k\u00fcndigen, wenn wesentliche beh\u00f6rdliche Genehmigungen oder vertraglich zugesicherte Rechte zur Ausspielung der Kampagnenleistungen entfallen oder wenn die Einhaltung gesetzlicher Auflagen nicht mehr gew\u00e4hrleistet werden kann. In einem solchen Fall erfolgt die R\u00fcckerstattung bereits geleisteter Zahlungen anteilig f\u00fcr den Zeitraum, in dem die Leistungen nicht mehr erbracht werden.<\/p>\n<h3>\u00a7 8 Aufrechnung und Zur\u00fcckbehaltungsrecht<\/h3>\n<p>(1) Der Nutzer darf nur mit unbestrittenen oder rechtskr\u00e4ftig festgestellten Forderungen aufrechnen.<\/p>\n<p>(2) Ein Zur\u00fcckbehaltungsrecht besteht nur, wenn es auf demselben Vertragsverh\u00e4ltnis beruht.<\/p>\n<h3>\u00a7 9 Datenschutz<\/h3>\n<p>(1) Sollten personenbezogene Daten verarbeitet werden, so erfolgt dies unter Einhaltung der jeweils geltenden Datenschutzrechtlichen Bestimmungen. Die Datenschutzerkl\u00e4rung von HYGH ist unter folgendem Link abrufbar: www.hygh.tech\/datenschutz.<\/p>\n<h3>\u00a7 10 Schlussbestimmungen<\/h3>\n<p>(1) Es gilt das Recht der Bundesrepublik Deutschland. Zwingende Bestimmungen des Verbraucherschutzrechts anderer Staaten bleiben unber\u00fchrt.<\/p>\n<p>(2) Gerichtsstand ist Berlin, sofern der Auftraggeber Kaufmann, juristische Person des \u00f6ffentlichen Rechts oder ein \u00f6ffentlich-rechtliches Sonderverm\u00f6gen ist. Dasselbe gilt, wenn der Auftraggeber ohne allgemeinen Gerichtsstand in Deutschland ist oder der Gesch\u00e4fts- und Wohnsitz des Auftragsgebers zum Zeitpunkt der Klageerhebung unbekannt ist.<\/p>\n<p>(3) Sollte eine Bestimmung dieser AGB ganz oder teilweise unwirksam sein, bleibt die Wirksamkeit im \u00dcbrigen unber\u00fchrt. Es gilt eine Regelung als vereinbart, die dem wirtschaftlichen Zweck am n\u00e4chsten kommt. Dasselbe gilt im Fall einer L\u00fccke.<\/p>\n<p>(4) HYGH kann dem Nutzer \u00c4nderungen dieser AGB vorschlagen. Der Nutzer gilt als einverstanden, wenn er nicht innerhalb von 14 Tagen nach Zugang der Mitteilung widerspricht. Auf dieses Widerspruchsrecht wird gesondert hingewiesen.<\/p>\n<h4>HYGH Content-Regeln<\/h4>\n<p>Unzul\u00e4ssig sind Inhalte, die:<\/p>\n<ul>\n<li>pornographisch, vulg\u00e4r, obsz\u00f6n, oder bel\u00e4stigend sind,<\/li>\n<li>strafbare Inhalte (insbesondere Volksverhetzung, Beleidigung, Verleumdung, Bedrohung) sind oder darstellen (wie z.B. Konsum illegaler Drogen)<\/li>\n<li>gegen Rechte Dritter versto\u00dfen (z. B. Urheber-, Marken- oder Pers\u00f6nlichkeitsrechte),<\/li>\n<li>strafbare Handlungen darstellen oder verherrlichen,<\/li>\n<li>Waffen oder illegales Gl\u00fccksspiel bewerben,<\/li>\n<\/ul>\n<p>Eingeschr\u00e4nkt zul\u00e4ssig:<\/p>\n<ul>\n<li>Werbung f\u00fcr Alkohol unter Beachtung des Jugendschutzes,<\/li>\n<li>religi\u00f6se Werbung mit Einschr\u00e4nkungen (keine Sekten\/Kulte, keine aggressive Missionierung).<\/li>\n<\/ul>\n<p>Es gilt die Beachtung des Werbekodex des Deutschen Werberats im Allgemeinen, hierbei der Grundregeln in allen Themengebieten, soweit aufgef\u00fchrt, im Besonderen.<\/p>\t\t\t\t\t\t\t\t<\/div>\n\t\t\t\t<\/div>\n\t\t\t\t<\/div>\n\t\t\t\t\t<\/div>\n\t\t\t\t<\/div>\n\t\t\t\t<\/div>\n\t\t","protected":false},"excerpt":{"rendered":"<p>AGB Allgemeine Gesch\u00e4ftsbedingungen (AGB) der HYGH Germany GmbH &amp; Co. KG Stand: [April 2025] \u00a7 1 Geltungsbereich (1) Diese Allgemeinen Gesch\u00e4ftsbedingungen (&#8222;AGB&#8220;) gelten f\u00fcr alle Vertr\u00e4ge \u00fcber die Nutzung von Dienstleistungen im Bereich der digitalen Au\u00dfenwerbung, die zwischen der HYGH Germany GmbH &amp; Co. KG (\u201eHYGH\u201c), Bellevuestra\u00dfe 3, 10785 Berlin (&#8222;Auftragnehmer&#8220;) und ihren Kunden (&#8222;Auftraggeber&#8220; [&hellip;]<\/p>\n","protected":false},"author":1,"featured_media":0,"parent":0,"menu_order":0,"comment_status":"closed","ping_status":"closed","template":"elementor_header_footer","meta":{"footnotes":""},"class_list":["post-2235","page","type-page","status-publish","hentry"],"elementor_data":null,"elementor_page_settings":null,"_links":{"self":[{"href":"https:\/\/hygh.tech\/en\/wp-json\/wp\/v2\/pages\/2235","targetHints":{"allow":["GET"]}}],"collection":[{"href":"https:\/\/hygh.tech\/en\/wp-json\/wp\/v2\/pages"}],"about":[{"href":"https:\/\/hygh.tech\/en\/wp-json\/wp\/v2\/types\/page"}],"author":[{"embeddable":true,"href":"https:\/\/hygh.tech\/en\/wp-json\/wp\/v2\/users\/1"}],"replies":[{"embeddable":true,"href":"https:\/\/hygh.tech\/en\/wp-json\/wp\/v2\/comments?post=2235"}],"version-history":[{"count":0,"href":"https:\/\/hygh.tech\/en\/wp-json\/wp\/v2\/pages\/2235\/revisions"}],"wp:attachment":[{"href":"https:\/\/hygh.tech\/en\/wp-json\/wp\/v2\/media?parent=2235"}],"curies":[{"name":"wp","href":"https:\/\/api.w.org\/{rel}","templated":true}]}}